{"id":162,"date":"2016-10-09T16:50:01","date_gmt":"2016-10-09T14:50:01","guid":{"rendered":"https:\/\/letiste-kladno.cz\/home\/"},"modified":"2026-03-03T12:07:31","modified_gmt":"2026-03-03T11:07:31","slug":"home","status":"publish","type":"page","link":"https:\/\/letiste-kladno.cz\/en\/","title":{"rendered":"Home"},"content":{"rendered":"\n\n\t\t\t<h1>WELCOME TO THE KLADNO AIRPORT<\/h1><h3>Public airport for sport flying, private and commercial flights and pilot training.<\/h3>\t\t\t\n\t\t\t<a href=\"#jak-na-letiste\" title=\"Click Here\" target=\"_self\" role=\"button\" aria-label=\"HOW TO GET TO THE AIRPORT\">\n\t\t\t\t\t\t\tHOW TO GET TO THE AIRPORT\n\t\t<\/a>\n\t\t\t<a href=\"#fees\" title=\"Click Here\" target=\"_blank\" rel=\"noopener\" role=\"button\" aria-label=\"PAY LANDING FEES\">\n\t\t\t\t\t\t\tPAY LANDING FEES\n\t\t<\/a>\n\t\t\t<a href=\"http:\/\/blueskyaviation.cz\/en\/\" title=\"Click Here\" target=\"_blank\" rel=\"noopener\" role=\"button\" aria-label=\"PILOT TRAINING\">\n\t\t\t\t\t\t\tPILOT TRAINING\n\t\t<\/a>\n\t<a href=\"#pro_piloty\" target=\"_self\" aria-label=\"Go to #pro_piloty\"><\/a>\n\t\t<h4>For pilots<\/h4>\n\t\t\t\t<p>Operating hours, fuel, charges, AIP, information about airport.<\/p>\n\t<a href=\"#web-kamera\" target=\"_self\" aria-label=\"Go to #web-kamera\"><\/a>\n\t\t<h4>Web camera<\/h4>\n\t\t\t\t<p>Weather and forecast for Kladno Airport<\/p>\n\t<a href=\"https:\/\/blueskyadventures.cz\/\" target=\"_blank\" rel=\"noopener\" aria-label=\"Go to https:\/\/blueskyadventures.cz\/\"><\/a>\n\t\t<h4>Sightseeing flights<\/h4>\n\t\t\t\t<p>Sightseeing flights and airplane or helicopter pilot on trail.<\/p>\n\t<a href=\"#hangarovani\" target=\"_self\" aria-label=\"Go to #hangarovani\"><\/a>\n\t\t<h4>Services<\/h4>\n\t\t\t\t<p>Parking your aircraft and other services at the Kladno Airport.<\/p>\n<h1>\n\t\tFor pilots\n\t\t\t\t<\/h1>\t\n\t\t<h4>Information about the airport<\/h4>\t\t\t\n<table border=\"1\">\n<tbody>\n<tr>\n<td>Name<\/td>\n<td>Kladno Airport<\/td>\n<\/tr>\n<tr>\n<td>ICAO cod<\/td>\n<td>LKKL<\/td>\n<\/tr>\n<tr>\n<td>Type of airfield<\/td>\n<td>Public domestic and non-public international aerodrome<\/td>\n<\/tr>\n<tr>\n<td>Address<\/td>\n<td>Leti\u0161t\u011b Kladno, Velk\u00e1 Dobr\u00e1 580, PS\u010c 273 61<\/td>\n<\/tr>\n<tr>\n<td>Operator<\/td>\n<td>BLUE SKY AIRPORT s.r.o.<\/td>\n<\/tr>\n<tr>\n<td>Head of flight operations<\/td>\n<td>Ing. Igor \u0160lajchrt<\/td>\n<\/tr>\n<tr>\n<td>GPS<\/td>\n<td>50.1100\u00b0 N, 14.0950\u00b0 E<\/td>\n<\/tr>\n<tr>\n<td>Type of operation<\/td>\n<td>VFR DAY\/ VFR NIGHT<\/td>\n<\/tr>\n<tr>\n<td>Runway length<\/td>\n<td>980\u00a0m<\/td>\n<\/tr>\n<tr>\n<td>Runway surface<\/td>\n<td>grass<\/td>\n<\/tr>\n<\/tbody>\n<\/table>\n<p>Information for pilots about Kladno Airport in Aeronautical information publication (AIP) Czech republic &#8211; <a href=\"https:\/\/aim.rlp.cz\/vfrmanual\/actual\/lkkl_text_en.html\" target=\"_blank\" rel=\"noopener\">HERE<\/a><br \/>Map and chart of the aerodrome LKKL- <a href=\"https:\/\/aim.rlp.cz\/vfrmanual\/actual\/pdf\/ad-lkkl_map_en.pdf\" target=\"_blank\" rel=\"noopener\">HERE<\/a><br \/>Text information &#8211; <a href=\"https:\/\/aim.rlp.cz\/vfrmanual\/actual\/pdf\/ad-lkkl_text_en.pdf\" target=\"_blank\" rel=\"noopener\">HERE<\/a><\/p>\n<p>Kladno Airport (LKKL) traffic pattern diagram &#8211; <a href=\"https:\/\/letiste-kladno.cz\/assets\/uploads\/sites\/1018\/2020\/01\/okruh-kladno_en_2020v1.jpg\" target=\"_blank\" rel=\"noopener\">HERE<\/a><\/p>\n\t\t<h4>Operational hours<\/h4>\t\t\t\n\t\t\t\t<p><strong>15 APR &#8211; 15 OCT; SAT, SUN, HOL 0800-1500<\/strong>.<br \/>On other days and at night landings and departures are possible with permission of the airport operator. For permission contact the airport operator, see Contacts.<\/p>\n\t\t<h4>Night traffic<\/h4>\t\t\t\n\t\t\t\t<p>The <strong>Kladno Airport<\/strong> is equipped with a light series for night traffic. The lights are used primarily for pilot training in night, but also for private flights. The light series is operated mostly from <strong>October to April for VFR flights.<\/strong><br \/>Night service is possible only after prior agreement with the airport operator. Contact the airport operator, see in Contacts.<\/p>\n\t\t<h4>Fuel<\/h4>\t\t\t\n\t\t\t\t<p>Fuel available at Kladno Airport:<br \/>&#8211; aviation gasoline <strong>AVGAS 100 L<\/strong><br \/>&#8211; <strong>JET A1<\/strong><\/p>\n\t\t<h4>Airport Regulations<\/h4>\t\t\t\n\t\t\t\t<p>Airport Regulations of the Kladno Airport to download in pdf (only in CS) &#8211; <a href=\"https:\/\/letiste-kladno.cz\/assets\/uploads\/sites\/1018\/2023\/08\/2023-8__Letistni_rad_LKKL_scan.pdf\" target=\"_blank\" rel=\"noopener\">HERE<\/a><\/p>\n\t\t<h4>Fees<\/h4>\t\t\t\n\t\t\t\t<p>Landing fee:\u00a0<br \/>MTOW&lt;= 600 kg ULL 150,00 CZK<br \/>MTOW&lt;= 2000 kg GA 250,00 CZK<br \/>MTOW&gt; 2000 kg GA 500,00 CZK<\/p>\n<p>Please make your payment to the following account: <br \/>BANK ACCOUNT No: 777186\/5500<br \/>IBAN: CZ16 5500 0000 0000 0077 7186<br \/>SWIFT: RZBCCZPP<br \/>In the note, please include the aircraft call sign, the number of landings, and the flight date. If you require a tax document for the amount paid, please also include your email address in the note. Alternatively, you can email us at invoices@bsa-group.cz.<\/p>\n<p><strong>Night traffic:<\/strong><br \/>Departure \/ Arrival: 1.210 CZK<br \/>Night training: 1.210 CZK \/ hour<br \/>Admin fee night training: 605 CZK \/ person (in case of using the briefing room)<\/p>\n<p>Prices include VAT (21%)<\/p>\n<h3>\n\t\tPayment of landing fees via QR code\n\t<\/h3>\n\t<p>Payment by bank transfer or online credit card:<\/p>\n\t\t\t\t<img loading=\"lazy\" decoding=\"async\" src=\"https:\/\/letiste-kladno.cz\/assets\/uploads\/sites\/1018\/2026\/03\/ull-600kg.png\" alt=\"MTOW \u2264 600 (kg) ULL\nPrice 150CZK\" height=\"150\" width=\"150\" title=\"ULL_600KG\" \/>\n\t\tMTOW \u2264 600 (kg) ULL\nPrice 150CZK\n\t\t\t\t<img loading=\"lazy\" decoding=\"async\" src=\"https:\/\/letiste-kladno.cz\/assets\/uploads\/sites\/1018\/2026\/03\/ga-2000kg.jpg\" alt=\"MTOW \u2264 2000 (kg) GA\nPrice 250CZK\" height=\"150\" width=\"150\" title=\"GA_2000KG\" \/>\n\t\tMTOW \u2264 2000 (kg) GA\nPrice 250CZK\n\t\t\t\t<img loading=\"lazy\" decoding=\"async\" src=\"https:\/\/letiste-kladno.cz\/assets\/uploads\/sites\/1018\/2026\/03\/ga-2001kg.jpg\" alt=\"MTOW &amp;gt; 2000 (kg)\nPrice 500CZK\" height=\"150\" width=\"151\" title=\"GA_2001KG\" \/>\n\t\tMTOW &gt; 2000 (kg)\nPrice 500CZK\n\t\t\t\t<img loading=\"lazy\" decoding=\"async\" src=\"https:\/\/letiste-kladno.cz\/assets\/uploads\/sites\/1018\/2026\/03\/qrcode-sumup.png\" alt=\"Online payment \/ Credit card payment\" height=\"360\" width=\"360\" title=\"qrcode_sumup\" \/>\n\t\tOnline payment \/ Credit card payment\n\t<h1>\n\t\t\t\tOn-line Web camera the Kladno Airport\n\t\t\t<\/h1>\n\t\t<h3>WEATHER AT THE KLADNO AIRPORT<\/h3>\t\t\t\n\t\n\t\t\t\t<a id=\"time_is_link\" href=\"https:\/\/time.is\/P\u0159\u00edbram\" rel=\"nofollow\">SUNRISE AND SUNSET AT THE KLADNO AIRPORT<\/a><br \/>\n<br \/>\n<br \/>\n\n\t\t<h3>WEB CAMERA THE KLADNO AIRPORT<\/h3>\t\t\t\n\t\t\t\t<a href=\"https:\/\/blueskyaviation.cz\/web-kamera-letiste-kladno\/\" target=\"_blank\" rel=\"noopener\">\n\t\t\t\t<img loading=\"lazy\" decoding=\"async\" src=\"https:\/\/letiste-kladno.cz\/assets\/uploads\/sites\/1018\/2020\/11\/web-kamera_lkkl_800x360.jpg\" alt=\"web-kamera_lkkl_800x360\" height=\"360\" width=\"800\" title=\"web-kamera_lkkl_800x360\" \/>\n\t\t\t\t<\/a>\n\t\t\t<h1>Aircraft parking<\/h1>\t\t\t\n\t\t\t\t<p>For pilots and aircraft owners we offer the possibility to park their aircraft in our hangars at the Kladno Airport &#8211; long term or short term parking.<\/p>\n\t\t\t<h2>Services<\/h2>\t\t\t\n\t\t\t<h4>ACCESS 24\/7<\/h4>\t\t\t\n\t\t\t\t<p>Access to the airport and the airplane 24 hours a day \/ 7 days a week<\/p>\n\t\t\t<h4>DISCOUNTED FEES<\/h4>\t\t\t\n\t\t\t\t<p>Discounted landing fees, annual flat rate payments<\/p>\n\t\t\t<h4>REFUELING<\/h4>\t\t\t\n\t\t\t\t<p>Refueling of AV GAS, JET A1, oil Aero SHELL<\/p>\n\t\t\t<h4>HANDLING<\/h4>\t\t\t\n\t\t\t\t<p>Possibility to use handling services<\/p>\n\t\t\t<h4>AIRCRAFT WASHING<\/h4>\t\t\t\n\t\t\t\t<p>Aircraft washing, aircraft interior cleaning<\/p>\n\t\t\t<h4>MAINTENANCE<\/h4>\t\t\t\n\t\t\t\t<p>Aircraft maintenance, certified aircraft mechanic service, aircraft spare parts<\/p>\n\t\t\t<h4>CAR PARKING<\/h4>\t\t\t\n\t\t\t\t<p>Free parking of vehicles within the airport<\/p>\n\t\t\t<h4>NIGHT TRAFFIC<\/h4>\t\t\t\n\t\t\t\t<p>Night traffic of the airport<\/p>\n\t\t\t<h4>SAFETY<\/h4>\t\t\t\n\t\t\t\t<p>Airports and hangars protected by a security camera<\/p>\n\t<h1>\n\t\t\t\tContact\n\t\t\t<\/h1>\n\t\t\t<h4>Phone<\/h4>\t\t\t\n\t\t\t\t<p>+420 736 150 777<\/p>\n\t\t\t<h4>Phone Air Traffic Control<\/h4>\t\t\t\n\t\t\t\t<p>+420 725 150 221<\/p>\n\t\t\t<h4>E-mail<\/h4>\t\t\t\n\t\t\t\t<p>info@letiste-kladno.cz<\/p>\n\t\t\t<h4>Address<\/h4>\t\t\t\n\t\t\t\t<p>Leti\u0161t\u011b Kladno, 273 61 Velk\u00e1 Dobr\u00e1<\/p>\n\t\t\t<h4>Operator<\/h4>\t\t\t\n\t\t\t\t<p>BLUE SKY AIRPORT s.r.o.<br \/>Headquarters: Leti\u0161t\u011b Kladno, 273 61 Velk\u00e1 Dobr\u00e1<\/p>\n\t\t\t<h2>Contact form<\/h2>\t\t\t\n\t\n<h1>\n\t\tHow to get to the Kladno Airport\n\t<\/h1>\n\t\t<h4>Car \/ Taxi<\/h4>\t\t\t\n\t\t\t\t<p>Kladno Airport is accessible from the <strong>D6 motorway from Prague &#8211;<\/strong> <strong>15 minutes drive<\/strong>. Before the Velk\u00e1 Dobr\u00e1, go <strong>to Exit 16.<\/strong> After the first junction (roundabout) turn right, then at the next junction\u00a0(roundabout) turn left. On the first occasion, turn left again. Here&#8217;s where you&#8217;ll see the <strong>Airport Directions<\/strong>. Free parking is possible at the airport.<\/p>\n\t\t<h4>Airport Transport<\/h4>\t\t\t\n\t\t\t\t<p>Kladno Airport provides transfers for our customers from <strong>Kladno<\/strong>, specifically from the <strong>Kladno railway station<\/strong>. Maximum 6 people. This service is only available on weekdays and is subject to a fee.<\/p>\n<p><strong>Call: +420 603 403 355<\/strong><\/p>\n\t\t<h4>Train \/ Bus<\/h4>\t\t\t\n\t\t\t\t<p>By bus: Take a bus from <strong>Praha &#8211; Zli\u010d\u00edn or Hrad\u010dansk\u00e1 metro stations<\/strong> and go to Velk\u00e1 Dobr\u00e1. <a href=\"https:\/\/www.velkadobra.cz\/rubriky\/doprava\/\" target=\"_blank\" rel=\"noopener\">Bus lines from Prague to Velk\u00e1 Dobr\u00e1 here<\/a>.<\/p>\n<p>By train: Take a train from <strong>Praha Bubny,via Dejvice, Veleslav\u00edn to Kladno railway station<\/strong>. An airport car can pick you up at the Kladno railway station upon request. <a href=\"https:\/\/pid.cz\/zastavkove-jizdni-rady\/?cid=1305&amp;from=1545087600&amp;type=vlak\" target=\"_blank\" rel=\"noopener\">Train from Prague to Kladno here.<\/a><\/p>\n\t\n\t\t\t<h2>Partners<\/h2>\t\t\t\n\t\t\t\t<a href=\"http:\/\/blueskyaviation.cz\/\" target=\"_blank\" rel=\"noopener\">\n\t\t\t\t<img loading=\"lazy\" decoding=\"async\" src=\"https:\/\/letiste-kladno.cz\/assets\/uploads\/sites\/1018\/2019\/01\/logo-blue-sky-aviation_white.png\" alt=\"Leteck\u00e1 \u0161kola\" height=\"204\" width=\"725\" title=\"LOGO-BLUE-SKY-AVIATION_WHITE\" \/>\n\t\t\t\t<\/a>\n\t\tLeteck\u00e1 \u0161kola\n\t\t\t\t<a href=\"https:\/\/blueskyadventures.cz\/\" target=\"_blank\" rel=\"noopener\">\n\t\t\t\t<img loading=\"lazy\" decoding=\"async\" src=\"https:\/\/letiste-kladno.cz\/assets\/uploads\/sites\/1018\/2019\/01\/logo-blue-sky-adventures-white.png\" alt=\"Leteck\u00e9 z\u00e1\u017eitky\" height=\"614\" width=\"2093\" title=\"LOGO-BLUE-SKY-ADVENTURES-WHITE\" \/>\n\t\t\t\t<\/a>\n\t\tLeteck\u00e9 z\u00e1\u017eitky\n\n","protected":false},"excerpt":{"rendered":"<p>WELCOME TO THE KLADNO AIRPORT Public airport for sport flying, private and commercial flights and pilot training. HOW TO GET TO THE AIRPORT PAY LANDING FEES PILOT TRAINING For pilots Operating hours, fuel, charges, AIP, information about airport. Web camera Weather and forecast for Kladno Airport Sightseeing flights Sightseeing flights and airplane or helicopter pilot&hellip;<\/p>\n","protected":false},"author":1,"featured_media":0,"parent":0,"menu_order":0,"comment_status":"closed","ping_status":"closed","template":"","meta":{"footnotes":""},"class_list":["post-162","page","type-page","status-publish","hentry"],"yoast_head":"<title>Home - Letiste-Kladno<\/title>\n<meta name=\"robots\" content=\"index, follow, max-snippet:-1, max-image-preview:large, max-video-preview:-1\" \/>\n<link rel=\"canonical\" href=\"https:\/\/letiste-kladno.cz\/en\/\" \/>\n<meta property=\"og:locale\" content=\"en_US\" \/>\n<meta property=\"og:type\" content=\"article\" \/>\n<meta property=\"og:title\" content=\"Home - Letiste-Kladno\" \/>\n<meta property=\"og:description\" content=\"WELCOME TO THE KLADNO AIRPORT Public airport for sport flying, private and commercial flights and pilot training. HOW TO GET TO THE AIRPORT PAY LANDING FEES PILOT TRAINING For pilots Operating hours, fuel, charges, AIP, information about airport. Web camera Weather and forecast for Kladno Airport Sightseeing flights Sightseeing flights and airplane or helicopter pilot&hellip;\" \/>\n<meta property=\"og:url\" content=\"https:\/\/letiste-kladno.cz\/en\/\" \/>\n<meta property=\"og:site_name\" content=\"Letiste-Kladno\" \/>\n<meta property=\"article:modified_time\" content=\"2026-03-03T11:07:31+00:00\" \/>\n<meta property=\"og:image\" content=\"https:\/\/letiste-kladno.cz\/assets\/uploads\/sites\/1018\/2026\/03\/ull-600kg.png\" \/>\n<meta name=\"twitter:card\" content=\"summary_large_image\" \/>\n<meta name=\"twitter:label1\" content=\"Est. reading time\" \/>\n\t<meta name=\"twitter:data1\" content=\"4 minutes\" \/>\n<script type=\"application\/ld+json\" class=\"yoast-schema-graph\">{\"@context\":\"https:\/\/schema.org\",\"@graph\":[{\"@type\":\"WebPage\",\"@id\":\"https:\/\/letiste-kladno.cz\/en\/\",\"url\":\"https:\/\/letiste-kladno.cz\/en\/\",\"name\":\"Home - Letiste-Kladno\",\"isPartOf\":{\"@id\":\"https:\/\/letiste-kladno.cz\/#website\"},\"datePublished\":\"2016-10-09T14:50:01+00:00\",\"dateModified\":\"2026-03-03T11:07:31+00:00\",\"breadcrumb\":{\"@id\":\"https:\/\/letiste-kladno.cz\/en\/#breadcrumb\"},\"inLanguage\":\"en-US\",\"potentialAction\":[{\"@type\":\"ReadAction\",\"target\":[\"https:\/\/letiste-kladno.cz\/en\/\"]}]},{\"@type\":\"BreadcrumbList\",\"@id\":\"https:\/\/letiste-kladno.cz\/en\/#breadcrumb\",\"itemListElement\":[{\"@type\":\"ListItem\",\"position\":1,\"name\":\"Dom\u016f\",\"item\":\"https:\/\/letiste-kladno.cz\/en\/\"},{\"@type\":\"ListItem\",\"position\":2,\"name\":\"Home\"}]},{\"@type\":\"WebSite\",\"@id\":\"https:\/\/letiste-kladno.cz\/#website\",\"url\":\"https:\/\/letiste-kladno.cz\/\",\"name\":\"Letiste-Kladno\",\"description\":\"Dal\u0161\u00ed nov\u00fd web v r\u00e1mci s\u00edt\u011b Yotlix\",\"potentialAction\":[{\"@type\":\"SearchAction\",\"target\":{\"@type\":\"EntryPoint\",\"urlTemplate\":\"https:\/\/letiste-kladno.cz\/?s={search_term_string}\"},\"query-input\":\"required name=search_term_string\"}],\"inLanguage\":\"en-US\"}]}<\/script>","yoast_head_json":{"title":"Home - Letiste-Kladno","robots":{"index":"index","follow":"follow","max-snippet":"max-snippet:-1","max-image-preview":"max-image-preview:large","max-video-preview":"max-video-preview:-1"},"canonical":"https:\/\/letiste-kladno.cz\/en\/","og_locale":"en_US","og_type":"article","og_title":"Home - Letiste-Kladno","og_description":"WELCOME TO THE KLADNO AIRPORT Public airport for sport flying, private and commercial flights and pilot training. HOW TO GET TO THE AIRPORT PAY LANDING FEES PILOT TRAINING For pilots Operating hours, fuel, charges, AIP, information about airport. Web camera Weather and forecast for Kladno Airport Sightseeing flights Sightseeing flights and airplane or helicopter pilot&hellip;","og_url":"https:\/\/letiste-kladno.cz\/en\/","og_site_name":"Letiste-Kladno","article_modified_time":"2026-03-03T11:07:31+00:00","og_image":[{"url":"https:\/\/letiste-kladno.cz\/assets\/uploads\/sites\/1018\/2026\/03\/ull-600kg.png"}],"twitter_card":"summary_large_image","twitter_misc":{"Est. reading time":"4 minutes"},"schema":{"@context":"https:\/\/schema.org","@graph":[{"@type":"WebPage","@id":"https:\/\/letiste-kladno.cz\/en\/","url":"https:\/\/letiste-kladno.cz\/en\/","name":"Home - Letiste-Kladno","isPartOf":{"@id":"https:\/\/letiste-kladno.cz\/#website"},"datePublished":"2016-10-09T14:50:01+00:00","dateModified":"2026-03-03T11:07:31+00:00","breadcrumb":{"@id":"https:\/\/letiste-kladno.cz\/en\/#breadcrumb"},"inLanguage":"en-US","potentialAction":[{"@type":"ReadAction","target":["https:\/\/letiste-kladno.cz\/en\/"]}]},{"@type":"BreadcrumbList","@id":"https:\/\/letiste-kladno.cz\/en\/#breadcrumb","itemListElement":[{"@type":"ListItem","position":1,"name":"Dom\u016f","item":"https:\/\/letiste-kladno.cz\/en\/"},{"@type":"ListItem","position":2,"name":"Home"}]},{"@type":"WebSite","@id":"https:\/\/letiste-kladno.cz\/#website","url":"https:\/\/letiste-kladno.cz\/","name":"Letiste-Kladno","description":"Dal\u0161\u00ed nov\u00fd web v r\u00e1mci s\u00edt\u011b Yotlix","potentialAction":[{"@type":"SearchAction","target":{"@type":"EntryPoint","urlTemplate":"https:\/\/letiste-kladno.cz\/?s={search_term_string}"},"query-input":"required name=search_term_string"}],"inLanguage":"en-US"}]}},"_links":{"self":[{"href":"https:\/\/letiste-kladno.cz\/en\/wp-json\/wp\/v2\/pages\/162","targetHints":{"allow":["GET"]}}],"collection":[{"href":"https:\/\/letiste-kladno.cz\/en\/wp-json\/wp\/v2\/pages"}],"about":[{"href":"https:\/\/letiste-kladno.cz\/en\/wp-json\/wp\/v2\/types\/page"}],"author":[{"embeddable":true,"href":"https:\/\/letiste-kladno.cz\/en\/wp-json\/wp\/v2\/users\/1"}],"replies":[{"embeddable":true,"href":"https:\/\/letiste-kladno.cz\/en\/wp-json\/wp\/v2\/comments?post=162"}],"version-history":[{"count":26,"href":"https:\/\/letiste-kladno.cz\/en\/wp-json\/wp\/v2\/pages\/162\/revisions"}],"predecessor-version":[{"id":338,"href":"https:\/\/letiste-kladno.cz\/en\/wp-json\/wp\/v2\/pages\/162\/revisions\/338"}],"wp:attachment":[{"href":"https:\/\/letiste-kladno.cz\/en\/wp-json\/wp\/v2\/media?parent=162"}],"curies":[{"name":"wp","href":"https:\/\/api.w.org\/{rel}","templated":true}]}}